{"id":3770,"date":"2017-06-15T12:00:52","date_gmt":"2017-06-15T12:00:52","guid":{"rendered":"https:\/\/\/\/suis.cat\/?page_id=3770"},"modified":"2024-09-16T10:59:49","modified_gmt":"2024-09-16T10:59:49","slug":"historia-de-la-finca","status":"publish","type":"page","link":"https:\/\/suis.cat\/es\/historia-de-la-finca\/","title":{"rendered":"Hist\u00f2ria de la finca"},"content":{"rendered":"<div data-elementor-type=\"wp-page\" data-elementor-id=\"3770\" class=\"elementor elementor-3770\" data-elementor-post-type=\"page\">\n\t\t\t\t\t\t<section class=\"elementor-section elementor-top-section elementor-element elementor-element-2d8e099 elementor-section-full_width elementor-section-height-min-height elementor-section-height-default elementor-section-items-middle\" data-id=\"2d8e099\" data-element_type=\"section\" data-e-type=\"section\" data-settings=\"{&quot;background_background&quot;:&quot;classic&quot;}\">\n\t\t\t\t\t\t<div class=\"elementor-container elementor-column-gap-default\">\n\t\t\t\t\t<div class=\"elementor-column elementor-col-50 elementor-top-column elementor-element elementor-element-becfc68\" data-id=\"becfc68\" data-element_type=\"column\" data-e-type=\"column\">\n\t\t\t<div class=\"elementor-widget-wrap\">\n\t\t\t\t\t\t\t<\/div>\n\t\t<\/div>\n\t\t\t\t<div class=\"elementor-column elementor-col-50 elementor-top-column elementor-element elementor-element-a71bcab\" data-id=\"a71bcab\" data-element_type=\"column\" data-e-type=\"column\" data-settings=\"{&quot;background_background&quot;:&quot;classic&quot;}\">\n\t\t\t<div class=\"elementor-widget-wrap elementor-element-populated\">\n\t\t\t\t\t\t<div class=\"elementor-element elementor-element-9dd8923 elementor-widget elementor-widget-text-editor\" data-id=\"9dd8923\" data-element_type=\"widget\" data-e-type=\"widget\" data-widget_type=\"text-editor.default\">\n\t\t\t\t<div class=\"elementor-widget-container\">\n\t\t\t\t\t\t\t\t\t<p>El 2015, la Carme i el Rafa es van posar al capdavant del Restaurant Su\u00eds. L\u2019edifici \u00e9s modernista, una caracter\u00edstica que es fa palesa en el ferro forjat de les finestres, el trencad\u00eds de la fa\u00e7ana i els sostres alts, entre d\u2019altres. La decoraci\u00f3 \u00e9s moderna i acollidora, talment com la cuina que s\u2019hi ofereix.<\/p>\n<p><\/p>\n<p>Una escalinata majestuosa fa de vincle entre els dos pisos. A peu de carrer hi ha la sala on se serveixen els dinars i sopars, i una petita terrassa. El primer pis hi ha una sala di\u00e0fana, que es destina a celebracions: batejos, comunions, petits casaments, congressos de feina, reunions laborals\u2026 Est\u00e0 equipada amb tecnologia punta i, per exemple, el projector funciona amb connexi\u00f3 wi-fi.<\/p>\t\t\t\t\t\t\t\t<\/div>\n\t\t\t\t<\/div>\n\t\t\t\t\t<\/div>\n\t\t<\/div>\n\t\t\t\t\t<\/div>\n\t\t<\/section>\n\t\t\t\t<section class=\"elementor-section elementor-top-section elementor-element elementor-element-49c5698 elementor-section-boxed elementor-section-height-default elementor-section-height-default\" data-id=\"49c5698\" data-element_type=\"section\" data-e-type=\"section\">\n\t\t\t\t\t\t<div class=\"elementor-container elementor-column-gap-default\">\n\t\t\t\t\t<div class=\"elementor-column elementor-col-100 elementor-top-column elementor-element elementor-element-4c63648\" data-id=\"4c63648\" data-element_type=\"column\" data-e-type=\"column\">\n\t\t\t<div class=\"elementor-widget-wrap elementor-element-populated\">\n\t\t\t\t\t\t<div class=\"elementor-element elementor-element-7549f5d elementor-widget elementor-widget-text-editor\" data-id=\"7549f5d\" data-element_type=\"widget\" data-e-type=\"widget\" data-widget_type=\"text-editor.default\">\n\t\t\t\t<div class=\"elementor-widget-container\">\n\t\t\t\t\t\t\t\t\t<div class=\"one withsmallpadding ppb_content_half_bg\"><div class=\"standard_wrapper\"><div class=\"page_content_wrapper\"><div class=\"inner\"><div class=\"one_half_bg floatright\"><p>El restaurant Su\u00eds s\u2019ubica en una finca modernista que data del 1902. L\u2019hotel fou dissenyat per l\u2019arquitecte Juli Batllevell, deixeble de Gaud\u00ed. En aquella \u00e8poca, el sector del t\u00e8xtil vivia la seva efervesc\u00e8ncia a Sabadell: els fabricants negociaven amb empreses d\u2019arreu de la pen\u00ednsula ib\u00e8rica i, per fer l\u2019estada m\u00e9s agradable als visitants, van acordar construir un hotel.<\/p><p>El arquitecto transform\u00f3 un conjunto de casas de planta baja y dos pisos en el flamante Hotel Suizo. Sus intenciones eran buenas y, aun as\u00ed, el hotel lo cerraron el 1913. Resulta que los clientes con quienes trataban, en aquella \u00e9poca, aprovechaban el viaje para hacer un poco de turismo, se desplazaban con la familia y prefer\u00edan instalarse en Barcelona.<\/p><p>Hoy, el hotel Suizo es un edificio que evidencia el pasado modernista de Sabadell y que a la planta baja aloja locales comerciales y, en la superior, viviendas.<\/p><\/div><\/div><\/div><\/div><\/div><div class=\"one withsmallpadding ppb_content_half_bg\"><div class=\"standard_wrapper\"><div class=\"page_content_wrapper\"><div class=\"inner\"><div class=\"one_half_bg floatright\">\u00a0<\/div><\/div><\/div><\/div><\/div>\t\t\t\t\t\t\t\t<\/div>\n\t\t\t\t<\/div>\n\t\t\t\t\t<\/div>\n\t\t<\/div>\n\t\t\t\t\t<\/div>\n\t\t<\/section>\n\t\t\t\t<section class=\"elementor-section elementor-top-section elementor-element elementor-element-cce5b71 elementor-section-full_width elementor-section-height-default elementor-section-height-default\" data-id=\"cce5b71\" data-element_type=\"section\" data-e-type=\"section\">\n\t\t\t\t\t\t<div class=\"elementor-container elementor-column-gap-default\">\n\t\t\t\t\t<div class=\"elementor-column elementor-col-100 elementor-top-column elementor-element elementor-element-265b042\" data-id=\"265b042\" data-element_type=\"column\" data-e-type=\"column\">\n\t\t\t<div class=\"elementor-widget-wrap elementor-element-populated\">\n\t\t\t\t\t\t<div class=\"elementor-element elementor-element-defb346 elementor-widget elementor-widget-image\" data-id=\"defb346\" data-element_type=\"widget\" data-e-type=\"widget\" data-widget_type=\"image.default\">\n\t\t\t\t<div class=\"elementor-widget-container\">\n\t\t\t\t\t\t\t\t\t\t\t\t\t\t\t<img fetchpriority=\"high\" decoding=\"async\" width=\"650\" height=\"488\" src=\"https:\/\/suis.cat\/wp-content\/uploads\/2017\/06\/Sabadell-122-Sergi.jpg\" class=\"attachment-full size-full wp-image-3904\" alt=\"\" srcset=\"https:\/\/suis.cat\/wp-content\/uploads\/2017\/06\/Sabadell-122-Sergi.jpg 650w, https:\/\/suis.cat\/wp-content\/uploads\/2017\/06\/Sabadell-122-Sergi-300x225.jpg 300w\" sizes=\"(max-width: 650px) 100vw, 650px\" \/>\t\t\t\t\t\t\t\t\t\t\t\t\t\t\t<\/div>\n\t\t\t\t<\/div>\n\t\t\t\t\t<\/div>\n\t\t<\/div>\n\t\t\t\t\t<\/div>\n\t\t<\/section>\n\t\t\t\t<\/div>","protected":false},"excerpt":{"rendered":"<p>El 2015, la Carme i el Rafa es van posar al capdavant del Restaurant Su\u00eds. L\u2019edifici \u00e9s modernista, una caracter\u00edstica que es fa palesa en el ferro forjat de les finestres, el trencad\u00eds de la fa\u00e7ana i els sostres alts, entre d\u2019altres. La decoraci\u00f3 \u00e9s moderna i acollidora, talment com la cuina que s\u2019hi ofereix. [&hellip;]<\/p>\n","protected":false},"author":1,"featured_media":0,"parent":0,"menu_order":0,"comment_status":"closed","ping_status":"closed","template":"elementor_header_footer","meta":{"footnotes":""},"class_list":["post-3770","page","type-page","status-publish","hentry"],"_links":{"self":[{"href":"https:\/\/suis.cat\/es\/wp-json\/wp\/v2\/pages\/3770","targetHints":{"allow":["GET"]}}],"collection":[{"href":"https:\/\/suis.cat\/es\/wp-json\/wp\/v2\/pages"}],"about":[{"href":"https:\/\/suis.cat\/es\/wp-json\/wp\/v2\/types\/page"}],"author":[{"embeddable":true,"href":"https:\/\/suis.cat\/es\/wp-json\/wp\/v2\/users\/1"}],"replies":[{"embeddable":true,"href":"https:\/\/suis.cat\/es\/wp-json\/wp\/v2\/comments?post=3770"}],"version-history":[{"count":231,"href":"https:\/\/suis.cat\/es\/wp-json\/wp\/v2\/pages\/3770\/revisions"}],"predecessor-version":[{"id":7225,"href":"https:\/\/suis.cat\/es\/wp-json\/wp\/v2\/pages\/3770\/revisions\/7225"}],"wp:attachment":[{"href":"https:\/\/suis.cat\/es\/wp-json\/wp\/v2\/media?parent=3770"}],"curies":[{"name":"wp","href":"https:\/\/api.w.org\/{rel}","templated":true}]}}