{"id":4720,"date":"2017-11-10T15:48:31","date_gmt":"2017-11-10T15:48:31","guid":{"rendered":"https:\/\/\/\/suis.cat\/?page_id=4720"},"modified":"2018-09-14T16:20:15","modified_gmt":"2018-09-14T16:20:15","slug":"avis-legal","status":"publish","type":"page","link":"https:\/\/suis.cat\/es\/inici\/avis-legal\/","title":{"rendered":"AV\u00cdS LEGAL"},"content":{"rendered":"<p style=\"text-align: left;\">AV\u00cdS LEGAL<br \/>\nAv\u00eds legal del domini suis.cat , corresponent a RESTAURANT SUIS, SL., amb n\u00ba de CIF B-66589979, amb domicili en C\/ Estaci\u00f3, 40<br \/>\n08202 Sabadell (Barcelona).<br \/>\nCondicions generals d&#8217;utilitzaci\u00f3 de la web<br \/>\nRESTAURANT SUIS, SL. li informa que l&#8217;acc\u00e9s i utilitzaci\u00f3 de la p\u00e0gina web suis.cat i totes les URLs, &#8220;subdominios&#8221; i directoris inclosos sota la mateixa, aix\u00ed com els serveis o continguts que a trav\u00e9s d&#8217;aquest lloc es poden obtenir, estan subjectes als termes recollits i detallats en aquest av\u00eds legal, sense perjudici que l&#8217;acc\u00e9s a alg\u00fan d&#8217;aquests serveis o continguts pugui precisar de l&#8217;acceptaci\u00f3 d&#8217;unes condicions generals, particulars o addicionals.<br \/>\nPer tant, si les consideracions detallades en aquest Av\u00eds Legal no s\u00f3n de la seva conformitat, preguem que no faci \u00fas d&#8217;aquesta web, ja que qualsevol utilitzaci\u00f3 que faci d&#8217;ella o dels serveis i continguts en ella inclosos, implicar\u00e0 l&#8217;acceptaci\u00f3 dels termes legals recollits en el text d&#8217;aquest av\u00eds legal.<br \/>\nA causa de la pr\u00f2pia naturalesa d&#8217;Internet, donada la possibilitat que es pugui accedir a aquesta p\u00e0gina des de qualsevol part del m\u00f3n, els continguts, aix\u00ed com els serveis que en general ofereix RESTAURANT SUIS, SL. estan dirigits a clients que es moguin a qualsevol pa\u00eds. No obstant l&#8217;anterior, en sol\u00b7licitar la contractaci\u00f3 de qualsevol tipus de servei i contingut oferts, RESTAURANT SUIS, SL. es reserva el dret a rebutjar la prestaci\u00f3 de serveis o l&#8217;enviament de continguts, en aquells casos que estimi oport\u00fa.<br \/>\nRESTAURANT SUIS, SL. es reserva el dret a realitzar canvis en la web sense previ av\u00eds, amb l&#8217;objecte d&#8217;actualitzar, corregir, modificar, afegir, calcel\u00b7lar o eliminar els continguts o el disseny de la web. Els serveis i continguts de la web s\u00f3n susceptibles d&#8217;actualitzar-se peri\u00f2dicament i a causa que l&#8217;actualitzaci\u00f3 de la informaci\u00f3 no \u00e9s immediata, li suggerim que comprovi sempre la vig\u00e8ncia i exactitud de la informaci\u00f3, serveis i continguts recollits aqu\u00ed.<br \/>\nLes condicions i termes d&#8217;utilitzaci\u00f3 que es recullen en el present Av\u00eds Legal poden canvia, per la qual cosa proposem que revisi aquests termes quan visiti de nou la web o sol\u00b7liciti un nou servei. Aix\u00ed mateix, el present av\u00eds legal s&#8217;entrendr\u00e0 sense perjudici de qualssevol altres Condicions Generals, i particulars, que regulin l&#8217;acc\u00e9s a b\u00e9ns i serveis concrets dins de la web.<br \/>\nDrets de propietat intel\u00b7lectual i de propietat industrial<br \/>\nTant el disseny d&#8217;aquest lloc web, el seus codis font, logotips, imatges, marques i altres signes distintius que apareixen, pertanyen als seus respectius autors i estan protegits pels corresponents drets de propietat intel\u00b7lectual i industrial.<br \/>\nLa seva utlitzaci\u00f3, reproducci\u00f3, distribuci\u00f3, comunicaci\u00f3 p\u00fablica, transformaci\u00f3 o qualsevol altra acci\u00f3 semblant, est\u00e0 totalment prohibida excepte autoritzaci\u00f3 expressa per escrit del seu creador o propietari dels drets.<br \/>\nEn tot cas, RESTAURANT SUIS, SL. declara el seu respecte als drets de propietat intel\u00b7lectual i industrial de tercers; per aix\u00f2, si considera que aquest lloc pogu\u00e9s estar violant els seus drets, preguem es possi en contacte amb RESTAURANT SUIS, SL. emplenant el formulari que trobar\u00e0 fent <a href=\"https:\/\/suis.cat\/es\/\">click aqu\u00ed.<\/a><br \/>\nLinks o Hiper enlla\u00e7os:<br \/>\nDes d&#8217;aquesta web, RESTAURANT SUIS, SL. li proporciona o pot proporcionar-li l&#8217;acc\u00e9s a unes altres p\u00e0gines web que consideri poden ser del seu inter\u00e8s. L&#8217;objecte d&#8217;aquest enlla\u00e7os \u00e9s merament el facilitar la cerca dels recursos que li puguin interessar en Internet. No obstant aix\u00f2, aquestes p\u00e0gines no pertanyen a RESTAURANT SUIS, SL., ni fa una revisi\u00f3 dels seus continguts, per aix\u00f2, no es fa responsable dels mateixos, del funcionament de la p\u00e0gina enlla\u00e7ada o dels possibles danys que puguin derivar-se de l&#8217;acc\u00e9s o \u00fas de la mateixa. Aix\u00ed mateix, RESTAURANT SUIS, SL., es mostra plenament respectuosa amb els drets de propietat intel\u00b7lectual i industrial que corresponguin o puguin correspondre a terceres persones, sobre les p\u00e0gines web a les quals es refereixin els citats enlla\u00e7os. Per tal motiu, es considera que l&#8217;establiment dels citats enlla\u00e7os pogu\u00e9s estar violant els seus drets, preguem es posin en contacte amb RESTAURANT SUIS, SL. emplenant el formulari que trobar\u00e0 fent click aqu\u00ed.<br \/>\nAmb car\u00e0cter general s&#8217;autoritza l&#8217;enlla\u00e7 de p\u00e0gines web o d&#8217;adreces de correu electr\u00f2nic a la web, excepci\u00f3 feta d&#8217;aqueslls sup\u00f2sits en els quals, expressament RESTAURANT SUIS, SL. manifesti el contrari. Addicionalment, i en tot cas per entendre aplicable aquesta autoritzaci\u00f3 general, aquests enlla\u00e7os hauran de respectar, necess\u00e0riament, la seg\u00fcent consici\u00f3: l&#8217;establiment de l&#8217;enlla\u00e7 no suposar\u00e0, per si mateix, cap tipus d&#8217;acord, contracte, patrocini ni recomanaci\u00f3 per part de RESTAURANT SUIS, SL. de la p\u00e0gina que realitza l&#8217;enlla\u00e7.<br \/>\nNo obstant l&#8217;anterior, en qualsevol moment RESTAURANT SUIS, SL. podr\u00e0 retirar l&#8217;autoritzaci\u00f3 esmentada en el par\u00e0graf anterior, sense necessitat d&#8217;al\u00b7legar cap causa. En tot cas, la p\u00e0gina que hagi realitzat l&#8217;enlla\u00e7 haur\u00e0 de procedir a la seva immediata supressi\u00f3, tan aviat com rebi la notificaci\u00f3 de la revocaci\u00f3 de l&#8217;autoritzaci\u00f3 per part de RESTAURANT SUIS, SL..<br \/>\nFrames o marcs:<br \/>\nRESTAURANT SUIS, SL. prohibeix expressament la realitzaci\u00f3 de \u201cframings\u201d o la utilitzaci\u00f3 per part de tercers de qualssevol altes mecanismes que alterin el disseny, configuraci\u00f3 original o continguts web.<br \/>\nPublicitat:<br \/>\nEn la web s&#8217;inserir\u00e0 aquella publicitat de RESTAURANT SUIS, SL. o de terceres empreses anunciants que considerem pugui ser del seu inter\u00e8s.<br \/>\nSense perjudici de l&#8217;establert en la Pol\u00edtica de Privadesa, RESTAURANT SUIS, SL. es compromet a no facilitar informaci\u00f3 seva als anunciants, excepte dades estad\u00edstiques an\u00f2nims sobre la utilitzaci\u00f3 de la web, amb la finalitat que es pugui millorar el servei i oferir productes conforme a les expectatives dels usuaris.<br \/>\nNo obstant aix\u00f2, RESTAURANT SUIS, SL. li informa que els anunciants i prove\u00efdors, per mitj\u00e0 de cookies, poden tenir la possibilitat d&#8217;obtenir informaci\u00f3 sobre vost\u00e8, els usos que faci dels serveis i els seus moviments a trav\u00e9s de la xarxa. Per no tenir vinculaci\u00f3 amb els usos que d&#8217;aquesta informaci\u00f3 pugui realitzar l&#8217;empresa anunciant, RESTAURANT SUIS, SL. no es fa responsable de la recollida d&#8217;informaci\u00f3 per aquestes empreses.<br \/>\nRESTAURANT SUIS, SL. pot utilitzar cookies quan un usuari navega pels seus llocs i p\u00e0gines web. Les cookies que es poden utilitzar en els llocs i p\u00e0gines web de RESTAURANT SUIS, SL. s&#8217;associen \u00fanicament amb el navegador d&#8217;un ordinador determinat ( un usuari an\u00f2nim), i no proporciona per s\u00ed mateixa cap dada personal de l&#8217;usuari. Les cookies serveixen solament per a finalitats exclusivament internes, com son les estad\u00edstiques d&#8217;acc\u00e9s a est assetjo web.<br \/>\nLes cookies utilitzades no poden llegir els arxius cookies creats per altres prove\u00efdors o llocs web. L&#8217;usuari t\u00e9 la possibilitat de configurar el seu navegador per ser avisat en pantalla de la recepci\u00f3 de cookies i per impedir la instal\u00b7laci\u00f3 de cookies en el seu disc dur. Si us plau, consulti les instruccions i manuals del seu navegador per ampliar aquesta informaci\u00f3. Per utilitzar suis.cat, no resulta necessari que l&#8217;usuari permeti la instal\u00b7laci\u00f3 dels cookies enviades per RESTAURANT SUIS, SL.<br \/>\nPrivacitat:<br \/>\nAquest assaig web, es compromet en el cumpliment de normativa europea (UE) 2016\/679 de 27\/05\/2016 i la Llei Org\u00e0nica 15\/1999 de 13 de desembre, de Protecci\u00f3 de Dades de Car\u00e0cter Personal (L.O.P.D) i amb el seu Reglament de Desenvolupament, Reial Drecret 1720\/2007 de 21 de desembre (R.D.L.O.P.D), mantenint una pol\u00edtica de privadesa sobre les dades personals en l&#8217;\u00fas que d&#8217;ells doni RESTAURANT SUIS, SL..<br \/>\nResponsabilitat de l&#8217;usuari<br \/>\nL&#8217;usuari es compromet a utilitzar els serveis de la web d&#8217;acord amb els termes expressats en el present Av\u00eds Legal, sent responsable del seu \u00fas correcte.<br \/>\nL&#8217;usuari que actu\u00ef contra la imtage, bon nom o reputaci\u00f3 de RESTAURANT SUIS, SL., , aix\u00ed com qui utilitzi il\u00b7l\u00edcita o fraudulentament els dissenys, logos o continguts de la web i\/o atempti en qualsevol forma contra els drets de propietat intel\u00b7lectual i industrial de la web o dels continguts i serveis de la mateixa, ser\u00e0 responsable enfront de RESTAURANT SUIS, SL. de la seva actuaci\u00f3.<br \/>\nResponsabilitat de RESTAURANT SUIS, SL.<br \/>\nUtilitzaci\u00f3 incorrecte:<br \/>\nRESTAURANT SUIS, SL. ha creat la web per la promoci\u00f3 dels seus productes i\/o serveis, per\u00f2 no poden controlar l&#8217;utilitzaci\u00f3 de la mateixa de forma diferent a la prevista en el present Av\u00eds Legal; per tant, l&#8217;acc\u00e9s i l&#8217;\u00fas correcte de la informaci\u00f3 continguda en la web s\u00f3n responsabilitat de qui realitza aquestes accions, no sent responsable RESTAURANT SUIS, SL. per l&#8217;\u00fas incorrecte, il\u00b7l\u00edcit o negligent que del mateix pogu\u00e9s fer l&#8217;usuari.<br \/>\nContinguts:<br \/>\nRESTAURANT SUIS, SL. facilita tots els continguts de la seva web, sota determinades condicions de bona fe, i s&#8217;esfor\u00e7ar\u00e0 en la mesura del possible perqu\u00e8 els mateixos estiguin actualitzats i vigents; no obstant aix\u00f2, RESTAURANT SUIS, SL. no pot assumir responsabilitat alguna respecte a l&#8217;\u00fas o acc\u00e9s que realitzen els usuaris fora de l&#8217;\u00e0mbit al que es dirigueix la web, la responsabilitat final de la qual recaur\u00e0 sobre l&#8217;usuari. Aix\u00ed mateix RESTAURANT SUIS, SL. no pot controlar els continguts que no hagin estat elaborats per ella o per tercers complint el seu enc\u00e0rrec pel que, no respondr\u00e0 en cap cas dels danys, continguts i indisponibilitats t\u00e8cniques que poguessin causar-ne per part de dites terceres.<br \/>\nPublicitat:<br \/>\nRESTAURANT SUIS, SL. inclour\u00e0 en la web publicitat pr\u00f2pia o de tercers per oferir-li productes o serveis que entengui que poden ser del seu inter\u00e9s. No obstant aix\u00f2, RESTAURANT SUIS, SL. no pot controlar l&#8217;aparen\u00e7a d&#8217;aquesta publicitat, ni la qualitat i adequaci\u00f3 dels productes o serveis al fet que aquesta es refereix, per la qual cosa RESTAURANT SUIS, SL. no respondr\u00e0 de cap dany que es pogu\u00e9s generar a l&#8217;usuari per aquestes causes.<br \/>\nVirus:<br \/>\nRESTAURANT SUIS, SL. es compromet a aplicar en la mesura del possible, les mesures oportunes al seu abast per intentar garantitzar a l&#8217;usuari l&#8217;abs\u00e8ncia de virus, cucs, troyanos, spam, etc&#8230; en la seva web. No obstant aix\u00f2, aquestes mesures no s\u00f3n 100% infalibles i, per aix\u00f2, RESTAURANT SUIS, SL. no pot assegurar totalment l&#8217;abs\u00e8ncia d&#8217;aquests elements indesitjables. En conseq\u00fc\u00e8ncia, RESTAURANT SUIS, SL. no ser\u00e0 responsble dels danys que els mateixos puguin produ\u00efr a l&#8217;usuari.<br \/>\nErrades tecnol\u00f2giques:<br \/>\nRESTAURANT SUIS, SL. posa els mitjans necessaris al seu abast per la continu\u00eftat d&#8217;aquesta web i realitzar\u00e0 els seus millors esfor\u00e7os perqu\u00e8 el mateix no sofreixi interrupcions, per\u00f2 no pot garantitzar l&#8217;abs\u00e8ncia de d\u2019errades tecnol\u00f2gics ni la permanent disponibilitat de la web i dels serveis continguts en ell, en conseq\u00fc\u00e8ncia no s&#8217;assumeix responsabilitat alguna pels danys i perjudicis que puguin generar per la falta de disponibilitat y per les fallada en l&#8217;acc\u00e9s ocasionat per desconnexions, avaria, sobrec\u00e0rregues o caigudes de la xarxa no imputables a RESTAURANT SUIS, SL..<br \/>\nLlei aplicable i jurisdicci\u00f3:<br \/>\nLa llei aplicable en cas de disputa o conflicte d&#8217;interpretaci\u00f3 dels termes que conformen aquest Av\u00eds Legal, aix\u00ed com qualsevol q\u00fcesti\u00f3 relacionada amb els serveis de la present web, ser\u00e0 l&#8217;espanyola. Per la ressoluci\u00f3 de qualsevol conflicte que pugui sorgir en ocasi\u00f3 de la visita a la web o de l&#8217;\u00fas dels serveis que en ell es puguin oferir, RESTAURANT SUIS, SL. i l&#8217;usuari acorden sotmetre&#8217;s als jutges i tribunals del mercantil de Barcelona<br \/>\nInteressats que faciliten les seves dades a trav\u00e9s de la p\u00e0gina web:<br \/>\nEn compliment de la normativa europea vigent\u00a0<span style=\"display: inline !important; float: none; background-color: transparent; color: #333333; cursor: text; font-family: Georgia,'Times New Roman','Bitstream Charter',Times,serif; font-size: 16px; font-style: normal; font-variant: normal; font-weight: 400; letter-spacing: normal; line-height: 24px; orphans: 2; text-align: left; text-decoration: none; text-indent: 0px; text-transform: none; -webkit-text-stroke-width: 0px; white-space: normal; word-spacing: 0px;\">(UE) 2016\/679 de 27\/05\/2016<\/span> (RGPD)i la Llei Org\u00e0nica de Protecci\u00f3 de Dades de Car\u00e0cter Personal (L.O.P.D y R.D.L.O.P.D), li informem que les seves dades personals, recaptades a trav\u00e9s de la web, mitjan\u00e7ant formularis o enlla\u00e7os al correu electr\u00f2nic, seran tractats amb les finalitats de: gesti\u00f3 de clients potencials, contactes y acciones de comunicaci\u00f3 comercial, poden ser allotjats en els fitxers corresponents. Finalment, li informen que les seves dades seran conservades en els fitxers de la nostre empresa amb la finalitat de realitzar un seguiment comercial i mantenir-li informat ( sobre serveis i productes que puguin ser del seu inter\u00e9s) per correu postal, telef\u00f2nicament o mitjan\u00e7ant un altre qualsevol mitj\u00e0 electr\u00f2nic que ens hagi vost\u00e8 facilitat.<\/p>\n<p style=\"text-align: left;\">Per poder exercitar els drets, que com a titular de les seves dades personals li contempla la llei, d&#8217;acc\u00e9s, rectificaci\u00f3, cancel\u00b7laci\u00f3 i oposici\u00f3, pot dirigir-se per escrit al mail habilitat per tal efecte: <strong>info@suis.cat \u00a0<\/strong>i\/o accedint al web <strong>suis.cat<\/strong><\/p>","protected":false},"excerpt":{"rendered":"<p>AV\u00cdS LEGAL Av\u00eds legal del domini suis.cat , corresponent a RESTAURANT SUIS, SL., amb n\u00ba de CIF B-66589979, amb domicili en C\/ Estaci\u00f3, 40 08202 Sabadell (Barcelona). Condicions generals d&#8217;utilitzaci\u00f3 de la web RESTAURANT SUIS, SL. li informa que l&#8217;acc\u00e9s i utilitzaci\u00f3 de la p\u00e0gina web suis.cat i totes les URLs, &#8220;subdominios&#8221; i directoris inclosos [&hellip;]<\/p>\n","protected":false},"author":1,"featured_media":0,"parent":2,"menu_order":0,"comment_status":"closed","ping_status":"closed","template":"","meta":{"footnotes":""},"class_list":["post-4720","page","type-page","status-publish","hentry"],"_links":{"self":[{"href":"https:\/\/suis.cat\/es\/wp-json\/wp\/v2\/pages\/4720","targetHints":{"allow":["GET"]}}],"collection":[{"href":"https:\/\/suis.cat\/es\/wp-json\/wp\/v2\/pages"}],"about":[{"href":"https:\/\/suis.cat\/es\/wp-json\/wp\/v2\/types\/page"}],"author":[{"embeddable":true,"href":"https:\/\/suis.cat\/es\/wp-json\/wp\/v2\/users\/1"}],"replies":[{"embeddable":true,"href":"https:\/\/suis.cat\/es\/wp-json\/wp\/v2\/comments?post=4720"}],"version-history":[{"count":6,"href":"https:\/\/suis.cat\/es\/wp-json\/wp\/v2\/pages\/4720\/revisions"}],"predecessor-version":[{"id":4982,"href":"https:\/\/suis.cat\/es\/wp-json\/wp\/v2\/pages\/4720\/revisions\/4982"}],"up":[{"embeddable":true,"href":"https:\/\/suis.cat\/es\/wp-json\/wp\/v2\/pages\/2"}],"wp:attachment":[{"href":"https:\/\/suis.cat\/es\/wp-json\/wp\/v2\/media?parent=4720"}],"curies":[{"name":"wp","href":"https:\/\/api.w.org\/{rel}","templated":true}]}}