{"id":4739,"date":"2017-11-10T17:28:59","date_gmt":"2017-11-10T17:28:59","guid":{"rendered":"https:\/\/\/\/suis.cat\/?page_id=4739"},"modified":"2017-11-10T17:36:33","modified_gmt":"2017-11-10T17:36:33","slug":"politica-de-cookies","status":"publish","type":"page","link":"https:\/\/suis.cat\/es\/politica-de-cookies\/","title":{"rendered":"pol\u00edtica de cookies"},"content":{"rendered":"<p>POL\u00cdTICA DE COOKIES<\/p>\n<p>En compliment del Reial Decret Llei 13\/2012, del 30 de mar\u00e7 pel qual es modifica la Llei de Serveis de Societat de la Informaci\u00f3 i relatiu a la utilitzaci\u00f3 de cookies en p\u00e0gines Webs;\u00a0RESTAURANT SUIS, SL .\u00a0l&#8217;informa que aquest lloc Web utilitza cookies per poder mesurar i analitzar el tr\u00e0fic de la Web, per facilitar-li la seva experi\u00e8ncia com a usuari i oferir-li un millor servei. Si ho desitja pot configurar el seu navegador per ser avisat en pantalla de la recepci\u00f3 de cookies o b\u00e9 per impedir la instal\u00b7laci\u00f3 de les mateixes, tenint en compte que d&#8217;aquesta forma deixaria de tenir acc\u00e9s a certes funcions en Internet.<\/p>\n<p>Definici\u00f3 i funci\u00f3 de les Cookies<\/p>\n<p>Una\u00a0<a href=\"https:\/\/\/\/wikipedia.org\/wiki\/HTTP_cookie\">cookie<\/a>\u00a0\u00e9s un petit arxiu creat per un lloc d&#8217;Internet per emmagatzemar informaci\u00f3 en el seu equip, com per exemple, les prefer\u00e8ncies quan es visita una web. Quan s&#8217;accedeix a una p\u00e0gina Web que utilitza Cookies, aquesta sol\u00b7licita al navegador que guardi una o m\u00e9s cookies en el disc dur.<\/p>\n<p>Les cookies sovint guarden la configuraci\u00f3 dels llocs web, com l&#8217;idioma preferit o la ubicaci\u00f3. Aix\u00ed, quan l&#8217;usuari torna a aquesta p\u00e0gina Web, el navegador envia de nou les cookies que li pertanyen, la qual cosa permet prestar servei i informaci\u00f3 personalitzada en funci\u00f3 de les necessitats.<\/p>\n<p>Les cookies tamb\u00e9 poden arribar a guardar informaci\u00f3 que identifiqui personalment als usuaris, no obstant aix\u00f2, aquest lloc web no utilitza aquest tipus de cookies, i nom\u00e9s tindr\u00e0 acc\u00e9s a la informaci\u00f3 personal que vost\u00e8 proporcioni a trav\u00e9s dels formularis de contacte.<\/p>\n<p>Es pot canviar la configuraci\u00f3 de cookies del navegador que vost\u00e8 utilitza, perqu\u00e8 li permeti aprovar o rebutjar autom\u00e0ticament peticions d&#8217;emmagatzematge de cookies quan es tanca el navegador i altres opcions addicionals.<\/p>\n<p>Tipus de cookies que utilitza aquesta p\u00e0gina Web<\/p>\n<ul>\n<li><u>T\u00e8cniques<\/u>\u00a0Aquest tipus de cookies facilita informaci\u00f3 sobre l&#8217;\u00fas que l&#8217;usuari realitza de la Web, com per exemple, quines p\u00e0gines ha visitat o si ha tingut problemes t\u00e8cnics en els accessos. Aquestes cookies no permeten identificar-li, ja que la informaci\u00f3 que recullen \u00e9s an\u00f2nima i ser\u00e0 utilitzada \u00fanicament per treballs de millora de disseny de la p\u00e0gina i de navegaci\u00f3, estad\u00edstiques d&#8217;\u00fas, etc. Permeten que la web funcioni de forma m\u00e9s \u00e0gil i adaptada a les prefer\u00e8ncies dels usuaris.<\/li>\n<li><u>De registre<\/u>\u00a0Es creen al registra-te o quan inicia una sessi\u00f3 com a usuari de la Web.<\/li>\n<li><u>De personalitzaci\u00f3<\/u>\u00a0Permeten personalitzar les funcions o continguts del lloc web en funci\u00f3 de les dades obtingudes del navegador.<\/li>\n<li><u>Anal\u00edtiques<\/u>\u00a0S&#8217;utilitzen amb finalitats estad\u00edstiques. La informaci\u00f3 s&#8217;utilitza per a mesurament de l&#8217;activitat en el lloc web, mitjan\u00e7ant Google Analytics, eina gratu\u00efta d&#8217;an\u00e0lisis web proporcionada per Google, que principalment permet als propietaris de llocs web con\u00e8ixer com interactuen els usuaris amb el seu lloc web. Aquest servei d&#8217;anal\u00edtica web ubica una s\u00e8rie de cookies en el seu ordinador amb l&#8217;\u00fanica finalitat de configurar estad\u00edstiques.<\/li>\n<li><u>Prefer\u00e8ncies<\/u>\u00a0Aquestes cookies ens permeten saber si vost\u00e8 ha visitat abans el nostre lloc o no. La p\u00e8rdua de la informaci\u00f3 emmagatzemada en una cookie de prefer\u00e8ncies pot fer que l&#8217;experi\u00e8ncia del lloc web sigui menys funcional, per\u00f2 no ha d&#8217;afectar al seu funcionament.<\/li>\n<li><u>Estat de la sessi\u00f3<\/u>\u00a0Aquestes cookies guarden la informaci\u00f3 necess\u00e0ria durant la sessi\u00f3 i els canvis relacionats amb ella, i tamb\u00e9 determinen si est\u00e0 registrat o no en la web.<\/li>\n<li><u>Processos<\/u>\u00a0Les cookies de processos permeten el funcionament del lloc web i ofereixen serveis esperats per l&#8217;usuari que accedeixin al lloc web com, per exemple, la navegaci\u00f3 amb p\u00e0gines web o l&#8217;acc\u00e9s a \u00e0rees segures del lloc web.<\/li>\n<\/ul>\n<p>Relaci\u00f3 de Cookies utilitzades pel domini\u00a0<a href=\"https:\/\/suis.cat\/es\/\">suis.cat<\/a>:<\/p>\n<ul>\n<li>Cookies de Google Analytics<\/li>\n<\/ul>\n<table width=\"0\">\n<tbody>\n<tr>\n<td><strong>Cookie<\/strong><\/td>\n<td><strong>Duraci\u00f3<\/strong><\/td>\n<td><strong>Descripci\u00f3<\/strong><\/td>\n<\/tr>\n<tr>\n<td>__utma<\/td>\n<td>2 anys<\/td>\n<td>Serveix per a recopilar informaci\u00f3 de forma an\u00f2nima i elaborar informes de tend\u00e8ncies de llocs web sense identificar a usuaris individuals. Distingeix els usuaris i les sessions; i si s\u00f3n recurrents.<\/td>\n<\/tr>\n<tr>\n<td>__utmb<\/td>\n<td>30 min.<\/td>\n<td>Serveix per saber que \u00e9s una visita nova.<\/td>\n<\/tr>\n<tr>\n<td>__utmc<\/td>\n<td>Durant la navegaci\u00f3<\/td>\n<td>Her\u00e8ncia del sistema Urchin per\u00f2 equival a _utmb<\/td>\n<\/tr>\n<tr>\n<td>__utmz<\/td>\n<td>6 mesos<\/td>\n<td>Serveix per saber l&#8217;origen de l&#8217;usuari, si \u00e9s per tr\u00e0fic directe o des d&#8217;una altra web<\/td>\n<\/tr>\n<tr>\n<td>__utmv<\/td>\n<td>2 anys<\/td>\n<td>Es crea nom\u00e9s quan en la programaci\u00f3 de variables personalitzades s&#8217;afegeixen m\u00e9s opcions (no aplica)<\/td>\n<\/tr>\n<\/tbody>\n<\/table>\n<ul>\n<li>Cookies t\u00e8cniques<\/li>\n<\/ul>\n<table width=\"0\">\n<tbody>\n<tr>\n<td><strong>Cookie<\/strong><\/td>\n<td><strong>Duraci\u00f3<\/strong><\/td>\n<td><strong>Descripci\u00f3<\/strong><\/td>\n<\/tr>\n<tr>\n<td>ASPSessionId<\/td>\n<td>Cookie de sessi\u00f3<\/td>\n<td>Utilitzada per definir l&#8217;estat de la sessi\u00f3 i registrar la sessi\u00f3 del visitant, no \u00e9s intrusiva ni mant\u00e9 el seu registre entre visites ni en diferents llocs Web. Utilitzada a fi de gestionar \u00e0rees d&#8217;inici de sessi\u00f3 i tamb\u00e9 serveix per a cistelles de compra. Est\u00e0 integrada en el nostre gestor de continguts. Roman constant durant la sessi\u00f3.<\/td>\n<\/tr>\n<tr>\n<td>polCookId<\/td>\n<td>10 anys<\/td>\n<td>Utilitzada per a comprovar si el visitant ja va ser informat de la pol\u00edtica de cookies de la web.<\/td>\n<\/tr>\n<\/tbody>\n<\/table>\n<p>Revocaci\u00f3 i eliminaci\u00f3 de Cookies<\/p>\n<p>Vost\u00e8 pot configurar el seu navegador per permetre, bloquejar, eliminar o desactivar les cookies instal\u00b7lades en el seu equip, mitjan\u00e7ant la configuraci\u00f3 de les opcions del navegador instal\u00b7lat en el seu equip. En cas que no permeti la instal\u00b7laci\u00f3 de cookies en el seu navegador \u00e9s possible que no pugui accedir a alguna de les seccions o funcionalitats d&#8217;aquest lloc web.<\/p>\n<p>Per configurar el navegador, desactivar o administrar la instal\u00b7laci\u00f3 de cookies, i que d&#8217;aquesta manera s&#8217;esborrin autom\u00e0ticament una vegada que es tanqui el navegador, equip o dispositiu, pot obtenir m\u00e9s informaci\u00f3 fent &#8220;click&#8221; en els seg\u00fcents enlla\u00e7os que li proporcionem, en funci\u00f3 del navegador que vost\u00e8 utilitza:<\/p>\n<ul>\n<li><a href=\"https:\/\/\/\/support.google.com\/chrome\/bin\/answer.py?hl=es&amp;answer=95647\">Google Chrome<\/a><\/li>\n<li><a href=\"https:\/\/\/\/support.mozilla.org\/es\/kb\/cookies-informacion-que-los-sitios-web-guardan-en-?redirectlocale=en-US&amp;redirectslug=Cookies\">Mozilla Firefox<\/a><\/li>\n<li><a href=\"https:\/\/\/\/windows.microsoft.com\/es-xl\/internet-explorer\/delete-manage-cookies#ie=ie-11\">Internet Explorer (Versi\u00f3n 11)<\/a><\/li>\n<li><a href=\"https:\/\/\/\/windows.microsoft.com\/es-xl\/internet-explorer\/delete-manage-cookies#ie=ie-10\">Internet Explorer (Versi\u00f3n 10)<\/a><\/li>\n<li><a href=\"https:\/\/\/\/windows.microsoft.com\/es-ES\/windows7\/How-to-manage-cookies-in-Internet-Explorer-9\">Internet Explorer (Versi\u00f3n 9)<\/a><\/li>\n<li><a href=\"https:\/\/\/\/windows.microsoft.com\/es-ES\/windows-vista\/Block-or-allow-cookies\">Internet Explorer (Versi\u00f3n 7 &amp; 8)<\/a><\/li>\n<li><a href=\"https:\/\/\/\/support.microsoft.com\/kb\/283185\/es\">Internet Explorer (Versi\u00f3n 6)<\/a><\/li>\n<li><a href=\"https:\/\/\/\/www.opera.com\/help\/tutorials\/security\/privacy\/\">Opera<\/a><\/li>\n<li><a href=\"https:\/\/\/\/support.apple.com\/kb\/PH5042\">Safari web<\/a><\/li>\n<li><a href=\"https:\/\/\/\/support.apple.com\/kb\/HT1677\">Safari IOS<\/a><\/li>\n<\/ul>\n<p>De forma general la majoria de navegadors permet l&#8217;acc\u00e9s r\u00e0pid a l&#8217;eliminaci\u00f3 de les dades de navegaci\u00f3, prement la seq\u00fc\u00e8ncia de tecles Ctrl+Mayus+Supr, podent-se esborrar les Cookies<\/p>\n<p>Actualitzaci\u00f3 de la nostra Pol\u00edtica de Cookies<\/p>\n<p>\u00c9s possible que actualitzem la nostra Pol\u00edtica de cookies en aquest lloc Web en funci\u00f3 d&#8217;exig\u00e8ncies legals o t\u00e8cniques, per aix\u00f2 si ho desitja, aconsellem que revisi aquesta pol\u00edtica en alguna ocasi\u00f3, a fi d&#8217;estar adequadament informat sobre com i perqu\u00e8 utilitzem les cookies.<\/p>","protected":false},"excerpt":{"rendered":"<p>POL\u00cdTICA DE COOKIES En compliment del Reial Decret Llei 13\/2012, del 30 de mar\u00e7 pel qual es modifica la Llei de Serveis de Societat de la Informaci\u00f3 i relatiu a la utilitzaci\u00f3 de cookies en p\u00e0gines Webs;\u00a0RESTAURANT SUIS, SL .\u00a0l&#8217;informa que aquest lloc Web utilitza cookies per poder mesurar i analitzar el tr\u00e0fic de la [&hellip;]<\/p>\n","protected":false},"author":1,"featured_media":0,"parent":0,"menu_order":0,"comment_status":"closed","ping_status":"closed","template":"","meta":{"footnotes":""},"class_list":["post-4739","page","type-page","status-publish","hentry"],"_links":{"self":[{"href":"https:\/\/suis.cat\/es\/wp-json\/wp\/v2\/pages\/4739","targetHints":{"allow":["GET"]}}],"collection":[{"href":"https:\/\/suis.cat\/es\/wp-json\/wp\/v2\/pages"}],"about":[{"href":"https:\/\/suis.cat\/es\/wp-json\/wp\/v2\/types\/page"}],"author":[{"embeddable":true,"href":"https:\/\/suis.cat\/es\/wp-json\/wp\/v2\/users\/1"}],"replies":[{"embeddable":true,"href":"https:\/\/suis.cat\/es\/wp-json\/wp\/v2\/comments?post=4739"}],"version-history":[{"count":5,"href":"https:\/\/suis.cat\/es\/wp-json\/wp\/v2\/pages\/4739\/revisions"}],"predecessor-version":[{"id":4746,"href":"https:\/\/suis.cat\/es\/wp-json\/wp\/v2\/pages\/4739\/revisions\/4746"}],"wp:attachment":[{"href":"https:\/\/suis.cat\/es\/wp-json\/wp\/v2\/media?parent=4739"}],"curies":[{"name":"wp","href":"https:\/\/api.w.org\/{rel}","templated":true}]}}