{"id":4747,"date":"2017-11-10T17:48:52","date_gmt":"2017-11-10T17:48:52","guid":{"rendered":"https:\/\/\/\/suis.cat\/?page_id=4747"},"modified":"2017-11-10T17:49:31","modified_gmt":"2017-11-10T17:49:31","slug":"politica-de-cookies-2","status":"publish","type":"page","link":"https:\/\/suis.cat\/es\/politica-de-cookies-2\/","title":{"rendered":"POL\u00cdTICA DE COOKIES"},"content":{"rendered":"<p>POL\u00cdTICA DE COOKIES<br \/>\nEn cumplimiento del Real Decreto Ley 13\/2012, de 30 de marzo por el que se modifica la Ley de Servicios de Sociedad de la Informaci\u00f3n y relativo a la utilizaci\u00f3n de cookies en p\u00e1ginas Webs; RESTAURANTE SUIS, SL. le informa que este sitio Web utiliza cookies para poder medir y analizar el tr\u00e1fico de la Web, para facilitarle su experiencia como usuario y ofrecerle un mejor servicio. Si lo desea puede configurar su navegador para ser avisado en pantalla de la recepci\u00f3n de cookies o bien para impedir la instalaci\u00f3n de las mismas, teniendo en cuenta que de esta forma dejar\u00eda de tener acceso a ciertas funciones en Internet.<\/p>\n<p>Definici\u00f3n y funci\u00f3n de los Cookies<br \/>\nUna cookie es un peque\u00f1o archivo creado por un sitio de Internet para almacenar informaci\u00f3n en su equipo, como por ejemplo, las preferencias cuando se visita una web. Cuando se accede a una p\u00e1gina Web que utiliza Cookies, esta solo\u00a0facilita al navegador que guarde una o m\u00e1s cookies en el disco duro.<br \/>\nLas cookies menudo guardan la configuraci\u00f3n de los sitios web, como el idioma preferido o la ubicaci\u00f3n. As\u00ed, cuando el usuario vuelve a esta p\u00e1gina Web, el navegador env\u00eda de nuevo las cookies que le pertenecen, lo que permite prestar servicio e informaci\u00f3n personalizada en funci\u00f3n de las necesidades.<br \/>\nLas cookies tambi\u00e9n pueden llegar a guardar informaci\u00f3n que identifique personalmente a los usuarios, sin embargo, este sitio web no utiliza este tipo de cookies, y s\u00f3lo tendr\u00e1 acceso a la informaci\u00f3n personal que usted proporcione a trav\u00e9s de los formularios de contacto.<br \/>\nSe puede cambiar la configuraci\u00f3n de cookies del navegador que usted utiliza, para que le permita aprobar o rechazar autom\u00e1ticamente peticiones de almacenamiento de cookies cuando se cierra el navegador y otras opciones adicionales.<\/p>\n<p>Tipo de cookies que utiliza esta p\u00e1gina Web:<br \/>\n\u2022 T\u00e9cnicas Este tipo de cookies facilita informaci\u00f3n sobre el uso que el usuario realiza de la Web, como por ejemplo, qu\u00e9 p\u00e1ginas ha visitado o si ha tenido problemas t\u00e9cnicos en los accesos. Estas cookies no permiten identificarle, ya que la informaci\u00f3n que recogen es an\u00f3nima y ser\u00e1 utilizada \u00fanicamente para trabajos de mejora de dise\u00f1o de la p\u00e1gina y de navegaci\u00f3n, estad\u00edsticas de uso, etc. Permiten que la web funcione de forma m\u00e1s \u00e1gil y adaptada a las preferencias de los usuarios.<br \/>\n\u2022 De registro Se crean al registra hacerte o cuando inicia una sesi\u00f3n como usuario de la Web.<br \/>\n\u2022 De personalizaci\u00f3n Permiten personalizar las funciones o contenidos del sitio web en funci\u00f3n de los datos obtenidos del navegador.<br \/>\n\u2022 Anal\u00edticas Se utilizan con fines estad\u00edsticos. La informaci\u00f3n se utiliza para medici\u00f3n de la actividad en el sitio web, a trav\u00e9s de Google Analytics, herramienta gratuita de an\u00e1lisis web proporcionada por Google, que principalmente permite a los propietarios de sitios web conocer c\u00f3mo interact\u00faan los usuarios con su sitio web. Este servicio de anal\u00edtica web ubica una serie de cookies en su ordenador con el \u00fanico fin de configurar estad\u00edsticas.<br \/>\n\u2022 Preferencias Estas cookies nos permiten saber si usted ha visitado antes nuestro sitio o no. La p\u00e9rdida de la informaci\u00f3n almacenada en una cookie de preferencias puede hacer que la experiencia del sitio web sea menos funcional, pero no debe afectar a su funcionamiento.<br \/>\n\u2022 Estado de la sesi\u00f3n Estas cookies guardan la informaci\u00f3n necesaria durante la sesi\u00f3n y los cambios relacionados con ella, y tambi\u00e9n determinan si est\u00e1 registrado o no en la web.<br \/>\n\u2022 Procesos Las cookies de procesos permiten el funcionamiento del sitio web y ofrecen servicios esperados por el usuario que accedan al sitio web como, por ejemplo, la navegaci\u00f3n con p\u00e1ginas web o el acceso a \u00e1reas seguras del sitio web.<br \/>\nRelaci\u00f3n de Cookies utilizadas por el dominio<a href=\"https:\/\/suis.cat\/es\/\"> suis.cat<\/a>:<br \/>\n\u2022 Cookies de Google Analytics<br \/>\nCookie Duraci\u00f3n Descripci\u00f3n<br \/>\n__utma 2 a\u00f1os Sirve para recopilar informaci\u00f3n de forma an\u00f3nima y elaborar informes de tendencias de sitios web sin identificar usuarios individuales. Distingue los usuarios y las sesiones; y si son recurrentes.<br \/>\n__utmb 30 min. Sirve para saber que es una visita nueva.<br \/>\n__utmc Durante la navegaci\u00f3n Herencia del sistema Urchin pero equivale a _utmb<br \/>\n__utmz 6 meses Sirve para saber el origen del usuario, si es por tr\u00e1fico directo o desde otra web<br \/>\n__utmv 2 a\u00f1os Se crea s\u00f3lo cuando en la programaci\u00f3n de variables personalizadas a\u00f1aden m\u00e1s opciones (no aplica)<br \/>\n\u2022 Cookies t\u00e9cnicas<br \/>\nCookie Duraci\u00f3n Descripci\u00f3n<br \/>\nASPSessionId Cookie de sesi\u00f3n Utilizada para definir el estado de la sesi\u00f3n y registrar la sesi\u00f3n del visitante, no es intrusiva ni mantiene su registro entre visitas ni en diferentes sitios Web. Utilizada para gestionar \u00e1reas de acceso y tambi\u00e9n sirve para cestas de compra. Est\u00e1 integrada en nuestro gestor de contenidos. Permanece constante durante la sesi\u00f3n.<\/p>\n<p>Revocaci\u00f3n y eliminaci\u00f3n de Cookies:<br \/>\nUsted puede configurar su navegador para permitir, bloquear, eliminar o desactivar las cookies instaladas.<br \/>\nRevocaci\u00f3n y eliminaci\u00f3n de Cookies:<br \/>\nUsted puede configurar su navegador para permitir, bloquear, eliminar o desactivar las cookies instaladas en su equipo, mediante la configuraci\u00f3n de las opciones del navegador instalado\u00a0en su equipo. En caso de que no permita la\u00a0instalaci\u00f3n de cookies en su navegador es posible que no pueda acceder a alguna de las secciones o funcionalidades de este sitio web.<br \/>\nPara configurar el navegador, desactivar o administrar la instalaci\u00f3n de cookies, y que de este modo se borren autom\u00e1ticamente una vez que se cierre el navegador, equipo o dispositivo, puede obtener m\u00e1s informaci\u00f3n haciendo &#8220;click&#8221; en los siguientes enlaces que le proporcionamos, en funci\u00f3n del navegador que usted utiliza:<br \/>\n\u2022 Google Chrome<br \/>\n\u2022 Mozilla Firefox<br \/>\n\u2022 Internet Explorer (Versi\u00f3n 11)<br \/>\n\u2022 Internet Explorer (Versi\u00f3n 10)<br \/>\n\u2022 Internet Explorer (Versi\u00f3n 9)<br \/>\n\u2022 Internet Explorer (Versi\u00f3n 7 &amp; 8)<br \/>\n\u2022 Internet Explorer (Versi\u00f3n 6)<br \/>\n\u2022 Opera<br \/>\n\u2022 Safari web<br \/>\n\u2022 Safari IOS<br \/>\nDe forma general la mayor\u00eda de navegadores permite el acceso r\u00e1pido a la eliminaci\u00f3n de los datos de navegaci\u00f3n, pulsando la secuencia de teclas Ctrl + Mayus + Supr, pudi\u00e9ndose borrar las Cookies.<\/p>\n<p>Actualizaci\u00f3n de nuestra Pol\u00edtica de Cookies:<br \/>\nEs posible que actualizamos nuestra Pol\u00edtica de cookies en este sitio web en funci\u00f3n de exigencias legales o t\u00e9cnicas, por eso si lo desea, aconsejamos que revise esta pol\u00edtica en alguna ocasi\u00f3n, a fin de estar adecuadamente informado sobre c\u00f3mo y porque utilizamos las cookies.<\/p>","protected":false},"excerpt":{"rendered":"<p>POL\u00cdTICA DE COOKIES En cumplimiento del Real Decreto Ley 13\/2012, de 30 de marzo por el que se modifica la Ley de Servicios de Sociedad de la Informaci\u00f3n y relativo a la utilizaci\u00f3n de cookies en p\u00e1ginas Webs; RESTAURANTE SUIS, SL. le informa que este sitio Web utiliza cookies para poder medir y analizar el [&hellip;]<\/p>\n","protected":false},"author":1,"featured_media":0,"parent":0,"menu_order":0,"comment_status":"closed","ping_status":"closed","template":"","meta":{"footnotes":""},"class_list":["post-4747","page","type-page","status-publish","hentry"],"_links":{"self":[{"href":"https:\/\/suis.cat\/es\/wp-json\/wp\/v2\/pages\/4747","targetHints":{"allow":["GET"]}}],"collection":[{"href":"https:\/\/suis.cat\/es\/wp-json\/wp\/v2\/pages"}],"about":[{"href":"https:\/\/suis.cat\/es\/wp-json\/wp\/v2\/types\/page"}],"author":[{"embeddable":true,"href":"https:\/\/suis.cat\/es\/wp-json\/wp\/v2\/users\/1"}],"replies":[{"embeddable":true,"href":"https:\/\/suis.cat\/es\/wp-json\/wp\/v2\/comments?post=4747"}],"version-history":[{"count":1,"href":"https:\/\/suis.cat\/es\/wp-json\/wp\/v2\/pages\/4747\/revisions"}],"predecessor-version":[{"id":4749,"href":"https:\/\/suis.cat\/es\/wp-json\/wp\/v2\/pages\/4747\/revisions\/4749"}],"wp:attachment":[{"href":"https:\/\/suis.cat\/es\/wp-json\/wp\/v2\/media?parent=4747"}],"curies":[{"name":"wp","href":"https:\/\/api.w.org\/{rel}","templated":true}]}}