{"id":5334,"date":"2021-05-12T11:51:22","date_gmt":"2021-05-12T11:51:22","guid":{"rendered":"https:\/\/suis.cat\/?page_id=5334"},"modified":"2025-10-12T09:40:10","modified_gmt":"2025-10-12T09:40:10","slug":"menu-desgustacio","status":"publish","type":"page","link":"https:\/\/suis.cat\/es\/menu-desgustacio\/","title":{"rendered":"Men\u00fa desgustacio"},"content":{"rendered":"<div data-elementor-type=\"wp-page\" data-elementor-id=\"5334\" class=\"elementor elementor-5334\" data-elementor-post-type=\"page\">\n\t\t\t\t\t\t<section class=\"elementor-section elementor-top-section elementor-element elementor-element-0729684 elementor-section-boxed elementor-section-height-default elementor-section-height-default\" data-id=\"0729684\" data-element_type=\"section\" data-e-type=\"section\">\n\t\t\t\t\t\t<div class=\"elementor-container elementor-column-gap-default\">\n\t\t\t\t\t<div class=\"elementor-column elementor-col-100 elementor-top-column elementor-element elementor-element-8eb22e7\" data-id=\"8eb22e7\" data-element_type=\"column\" data-e-type=\"column\">\n\t\t\t<div class=\"elementor-widget-wrap elementor-element-populated\">\n\t\t\t\t\t\t<div class=\"elementor-element elementor-element-0e2906e elementor-widget elementor-widget-heading\" data-id=\"0e2906e\" data-element_type=\"widget\" data-e-type=\"widget\" data-widget_type=\"heading.default\">\n\t\t\t\t<div class=\"elementor-widget-container\">\n\t\t\t\t\t<h3 class=\"elementor-heading-title elementor-size-default\">MEN\u00da DEGUSTACI\u00d3 \/ MEN\u00da DEGUSTACI\u00d3N <br>(Aquest men\u00fa \u00e9s orientatiu i pot variar en funci\u00f3 dels productes de temporada \/ Este men\u00fa es orientativo y puede variar en funci\u00f3n de los productos de temporada)<\/h3>\t\t\t\t<\/div>\n\t\t\t\t<\/div>\n\t\t\t\t<div class=\"elementor-element elementor-element-0fc05f5 elementor-widget elementor-widget-text-editor\" data-id=\"0fc05f5\" data-element_type=\"widget\" data-e-type=\"widget\" data-widget_type=\"text-editor.default\">\n\t\t\t\t<div class=\"elementor-widget-container\">\n\t\t\t\t\t\t\t\t\t<h5><strong>APERITIU \/ APERITIVO<\/strong><\/h5>\n<p>Anxova amb tom\u00e0quet \/ Anchoa con tomate<\/p>\n<p>Croqueta de gamba \/ Croqueta de gamba<\/p>\n<p>Esquitxat de llagostins \/ Salpic\u00f3n de langostinos<\/p>\n<h5><strong>PLATS \/ PLATOS<\/strong><\/h5>\n<p>Crema o sopa del dia \/Crema o sopa del d\u00eda<\/p>\n<p><span style=\"font-size: 1rem;\">Escamarl\u00e0 amb carxofes i esp\u00e0rrecs \/ Cigala con alcachofas y esp\u00e1rragos<\/span><\/p>\n<p>Canel\u00f3 de rostit amb parmes\u00e0 gratinat \/ Canel\u00f3s de guisado con parmesano gratinado<\/p>\n<p>Bacall\u00e0 amb salsa de clo\u00efsses \/ Bacalao con salsa de almejas<\/p>\n<p>Magret d&#8217;\u00e0nec amb rabassoles i Porto \/ Magret de pato con m\u00fargulas y Porto<\/p>\n<h5><strong>POSTRES \/ POSTRES<\/strong><\/h5>\n<p>Combinat de postres&nbsp; \/ Combinado de postres&nbsp;<\/p>\n<p><br><\/p>\n<p>&nbsp;&#8211; Aquest men\u00fa es servir\u00e0 a tots els comensals de la taula.<\/p>\n<p>&nbsp;&#8211; No inclou begudes.<br>&#8212;&#8212;&#8212;&#8212;&#8212;&#8212;&#8212;&#8212;&#8212;&#8212;&#8212;&#8212;&#8212;<\/p>\n<p>&nbsp;&#8211; Este Men\u00fa se servir\u00e1 a todos los comensales de la mesa.<\/p>\n<p>&nbsp;&#8211; No incluye bebidas<\/p>\n<h4><strong>Preu\/Precio: 72,00 \u20ac (Iva Inc.)<\/strong><\/h4>\t\t\t\t\t\t\t\t<\/div>\n\t\t\t\t<\/div>\n\t\t\t\t\t<\/div>\n\t\t<\/div>\n\t\t\t\t\t<\/div>\n\t\t<\/section>\n\t\t\t\t<\/div>","protected":false},"excerpt":{"rendered":"<p>MEN\u00da DEGUSTACI\u00d3 \/ MEN\u00da DEGUSTACI\u00d3N (Aquest men\u00fa \u00e9s orientatiu i pot variar en funci\u00f3 dels productes de temporada \/ Este men\u00fa es orientativo y puede variar en funci\u00f3n de los productos de temporada) APERITIU \/ APERITIVO Anxova amb tom\u00e0quet \/ Anchoa con tomate Croqueta de gamba \/ Croqueta de gamba Esquitxat de llagostins \/ Salpic\u00f3n [&hellip;]<\/p>\n","protected":false},"author":1,"featured_media":0,"parent":0,"menu_order":2,"comment_status":"closed","ping_status":"closed","template":"","meta":{"footnotes":""},"class_list":["post-5334","page","type-page","status-publish","hentry"],"_links":{"self":[{"href":"https:\/\/suis.cat\/es\/wp-json\/wp\/v2\/pages\/5334","targetHints":{"allow":["GET"]}}],"collection":[{"href":"https:\/\/suis.cat\/es\/wp-json\/wp\/v2\/pages"}],"about":[{"href":"https:\/\/suis.cat\/es\/wp-json\/wp\/v2\/types\/page"}],"author":[{"embeddable":true,"href":"https:\/\/suis.cat\/es\/wp-json\/wp\/v2\/users\/1"}],"replies":[{"embeddable":true,"href":"https:\/\/suis.cat\/es\/wp-json\/wp\/v2\/comments?post=5334"}],"version-history":[{"count":38,"href":"https:\/\/suis.cat\/es\/wp-json\/wp\/v2\/pages\/5334\/revisions"}],"predecessor-version":[{"id":7711,"href":"https:\/\/suis.cat\/es\/wp-json\/wp\/v2\/pages\/5334\/revisions\/7711"}],"wp:attachment":[{"href":"https:\/\/suis.cat\/es\/wp-json\/wp\/v2\/media?parent=5334"}],"curies":[{"name":"wp","href":"https:\/\/api.w.org\/{rel}","templated":true}]}}