{"id":5347,"date":"2021-05-12T11:55:58","date_gmt":"2021-05-12T11:55:58","guid":{"rendered":"https:\/\/suis.cat\/?page_id=5347"},"modified":"2025-11-21T11:09:12","modified_gmt":"2025-11-21T11:09:12","slug":"carta-restaurante","status":"publish","type":"page","link":"https:\/\/suis.cat\/es\/carta\/carta-restaurante\/","title":{"rendered":"carta restaurante"},"content":{"rendered":"<div data-elementor-type=\"wp-page\" data-elementor-id=\"5347\" class=\"elementor elementor-5347\" data-elementor-post-type=\"page\">\n\t\t\t\t\t\t<section class=\"elementor-section elementor-top-section elementor-element elementor-element-ca2a7d9 elementor-section-boxed elementor-section-height-default elementor-section-height-default\" data-id=\"ca2a7d9\" data-element_type=\"section\" data-e-type=\"section\">\n\t\t\t\t\t\t<div class=\"elementor-container elementor-column-gap-default\">\n\t\t\t\t\t<div class=\"elementor-column elementor-col-50 elementor-top-column elementor-element elementor-element-ba76da8\" data-id=\"ba76da8\" data-element_type=\"column\" data-e-type=\"column\">\n\t\t\t<div class=\"elementor-widget-wrap elementor-element-populated\">\n\t\t\t\t\t\t<div class=\"elementor-element elementor-element-0e2906e elementor-widget elementor-widget-heading\" data-id=\"0e2906e\" data-element_type=\"widget\" data-e-type=\"widget\" data-widget_type=\"heading.default\">\n\t\t\t\t<div class=\"elementor-widget-container\">\n\t\t\t\t\t<h3 class=\"elementor-heading-title elementor-size-default\">PER PICAR  \/ PARA PICAR<\/h3>\t\t\t\t<\/div>\n\t\t\t\t<\/div>\n\t\t\t\t<div class=\"elementor-element elementor-element-0fc05f5 elementor-widget elementor-widget-text-editor\" data-id=\"0fc05f5\" data-element_type=\"widget\" data-e-type=\"widget\" data-widget_type=\"text-editor.default\">\n\t\t\t\t<div class=\"elementor-widget-container\">\n\t\t\t\t\t\t\t\t\t<p>Pa de coca amb tom\u00e0quet \/ Pan de coca con tomate 3,50 \u20ac<\/p><p>Croquetes de gambes o de pernil ib\u00e8ric (unitat) \/ Croquetas de gambas o de jam\u00f3n (unidad) 2,50 \u20ac<\/p><p>Pernil ib\u00e8ric \/ Jam\u00f3n ib\u00e9rico 24,00 \u20ac<\/p><p>Anxoves del Cant\u00e0bric (unitat) \/ Anchoas del Cant\u00e1brico (unidad) 3,00 \u20ac<\/p><p>Zamburi\u00f1as gratinades (unitat) \/ Zamburi\u00f1as gratinadas (unidad) 4,50 \u20ac<\/p><p>Calamars a la romana \/ Calamares a la romana 18,00 \u20ac<\/p><p>Bunyols de bacall\u00e0 amb salsa romesco \/ Bu\u00f1uelos de bacalao con salsa romesco 12,00 \u20ac<\/p><p>Pop gratinat amb allioli de codony \/ Pulpo gratinado con alioli de membrillo 18,00 \u20ac<\/p>\t\t\t\t\t\t\t\t<\/div>\n\t\t\t\t<\/div>\n\t\t\t\t\t<\/div>\n\t\t<\/div>\n\t\t\t\t<div class=\"elementor-column elementor-col-50 elementor-top-column elementor-element elementor-element-f762652\" data-id=\"f762652\" data-element_type=\"column\" data-e-type=\"column\">\n\t\t\t<div class=\"elementor-widget-wrap elementor-element-populated\">\n\t\t\t\t\t\t<div class=\"elementor-element elementor-element-8ec75d6 elementor-widget elementor-widget-heading\" data-id=\"8ec75d6\" data-element_type=\"widget\" data-e-type=\"widget\" data-widget_type=\"heading.default\">\n\t\t\t\t<div class=\"elementor-widget-container\">\n\t\t\t\t\t<h3 class=\"elementor-heading-title elementor-size-default\">ELS ENTRANTS \/ LOS ENTRANTES<\/h3>\t\t\t\t<\/div>\n\t\t\t\t<\/div>\n\t\t\t\t<div class=\"elementor-element elementor-element-7302d64 elementor-widget elementor-widget-text-editor\" data-id=\"7302d64\" data-element_type=\"widget\" data-e-type=\"widget\" data-widget_type=\"text-editor.default\">\n\t\t\t\t<div class=\"elementor-widget-container\">\n\t\t\t\t\t\t\t\t\t<p>Esquitxat de llagostins \/ Salpic\u00f3n de langostinos 16,00 \u20ac<\/p><p>Xat\u00f3 amb escarola, romesco, bacall\u00e0, anxoves i olives de Kalamata \/ Xat\u00f3 con escarola, romesco, bacalao, anchoas i olivas de Kalamata 16,00 \u20ac<\/p><p>Cabdells amb salm\u00f3 fumat i verdures adobades \/ Cogollos con salm\u00f3n ahumado y verduras encurtidas 15,00 \u20ac<\/p><p>Lasanya d&#8217;alberg\u00ednia amb carbassa, brie i avellanes \/ Lasa\u00f1a de berenjena con calabaza, brie y avellanas 14,00 \u20ac<\/p><p>Sopa de peix amb entrebancs \/ Sopa de pescado con tropezones 16,00 \u20ac<\/p><p><span style=\"font-size: 1rem;\">Canelons tradicionals de rostit \/ Canelones tradicionales 16,00 \u20ac<\/span><\/p><p><span style=\"font-size: 1rem;\">Cargols a l&#8217;estil del Su\u00eds \/ Caracoles al estilo del Su\u00eds 16,00 \u20ac<\/span><\/p><p>Steak tartar del Su\u00eds amb torradetes i mantega \/ Steak tartar del Su\u00eds con tostaditas y mantequilla\u00a0 22,00 \u20ac<\/p><p>\u00a0<\/p>\t\t\t\t\t\t\t\t<\/div>\n\t\t\t\t<\/div>\n\t\t\t\t\t<\/div>\n\t\t<\/div>\n\t\t\t\t\t<\/div>\n\t\t<\/section>\n\t\t\t\t<section class=\"elementor-section elementor-top-section elementor-element elementor-element-73807af elementor-section-boxed elementor-section-height-default elementor-section-height-default\" data-id=\"73807af\" data-element_type=\"section\" data-e-type=\"section\">\n\t\t\t\t\t\t<div class=\"elementor-container elementor-column-gap-default\">\n\t\t\t\t\t<div class=\"elementor-column elementor-col-100 elementor-top-column elementor-element elementor-element-4cacba9\" data-id=\"4cacba9\" data-element_type=\"column\" data-e-type=\"column\">\n\t\t\t<div class=\"elementor-widget-wrap elementor-element-populated\">\n\t\t\t\t\t\t<div class=\"elementor-element elementor-element-a09b55c elementor-widget-divider--view-line elementor-widget elementor-widget-divider\" data-id=\"a09b55c\" data-element_type=\"widget\" data-e-type=\"widget\" data-widget_type=\"divider.default\">\n\t\t\t\t<div class=\"elementor-widget-container\">\n\t\t\t\t\t\t\t<div class=\"elementor-divider\">\n\t\t\t<span class=\"elementor-divider-separator\">\n\t\t\t\t\t\t<\/span>\n\t\t<\/div>\n\t\t\t\t\t\t<\/div>\n\t\t\t\t<\/div>\n\t\t\t\t\t<\/div>\n\t\t<\/div>\n\t\t\t\t\t<\/div>\n\t\t<\/section>\n\t\t\t\t<section class=\"elementor-section elementor-top-section elementor-element elementor-element-45595c5 elementor-section-boxed elementor-section-height-default elementor-section-height-default\" data-id=\"45595c5\" data-element_type=\"section\" data-e-type=\"section\">\n\t\t\t\t\t\t<div class=\"elementor-container elementor-column-gap-default\">\n\t\t\t\t\t<div class=\"elementor-column elementor-col-50 elementor-top-column elementor-element elementor-element-56d03dc\" data-id=\"56d03dc\" data-element_type=\"column\" data-e-type=\"column\">\n\t\t\t<div class=\"elementor-widget-wrap elementor-element-populated\">\n\t\t\t\t\t\t<div class=\"elementor-element elementor-element-e46077d elementor-widget elementor-widget-heading\" data-id=\"e46077d\" data-element_type=\"widget\" data-e-type=\"widget\" data-widget_type=\"heading.default\">\n\t\t\t\t<div class=\"elementor-widget-container\">\n\t\t\t\t\t<h3 class=\"elementor-heading-title elementor-size-default\">ARROSSOS I FIDEU\u00c0 \/ ARROCES Y FIEDU\u00c1 (M\u00ednim 2 pax\/M\u00ednimo 2 pax)<\/h3>\t\t\t\t<\/div>\n\t\t\t\t<\/div>\n\t\t\t\t<div class=\"elementor-element elementor-element-ecfaf04 elementor-widget elementor-widget-text-editor\" data-id=\"ecfaf04\" data-element_type=\"widget\" data-e-type=\"widget\" data-widget_type=\"text-editor.default\">\n\t\t\t\t<div class=\"elementor-widget-container\">\n\t\t\t\t\t\t\t\t\t<p>Arr\u00f2s sec amb verdures, bunyols de bacall\u00e0 i salsa romesco \/ Arroz seco con verduras, bu\u00f1uelos de bacalao y salsa romesco 19,00 \u20ac<\/p><p>Arr\u00f2s cald\u00f3s de llam\u00e0ntol \/ Arroz caldoso de bogavante 35,00 \u20ac<\/p><p>Arr\u00f2s sec amb gamba vermella i escamarlans\u00a0 \/ Arroz seco con gamba roja y cigalas 28,00 \u20ac<\/p><p>Arr\u00f2s de muntanya \/ Arroz de monta\u00f1a 21,00 \u20ac<\/p><p>Arr\u00f2s negre amb s\u00edpia, escamarlans i Zamburi\u00f1as \/ Arroz negro con sepia, cigalas y zamburi\u00f1as 25,00 \u20ac<\/p><p>\u00a0<\/p>\t\t\t\t\t\t\t\t<\/div>\n\t\t\t\t<\/div>\n\t\t\t\t\t<\/div>\n\t\t<\/div>\n\t\t\t\t<div class=\"elementor-column elementor-col-50 elementor-top-column elementor-element elementor-element-ff5dea5\" data-id=\"ff5dea5\" data-element_type=\"column\" data-e-type=\"column\">\n\t\t\t<div class=\"elementor-widget-wrap elementor-element-populated\">\n\t\t\t\t\t\t<div class=\"elementor-element elementor-element-a2323d6 elementor-widget elementor-widget-heading\" data-id=\"a2323d6\" data-element_type=\"widget\" data-e-type=\"widget\" data-widget_type=\"heading.default\">\n\t\t\t\t<div class=\"elementor-widget-container\">\n\t\t\t\t\t<h3 class=\"elementor-heading-title elementor-size-default\">LES CARNS \/ LAS CARNES<\/h3>\t\t\t\t<\/div>\n\t\t\t\t<\/div>\n\t\t\t\t<div class=\"elementor-element elementor-element-29bd2e6 elementor-widget elementor-widget-text-editor\" data-id=\"29bd2e6\" data-element_type=\"widget\" data-e-type=\"widget\" data-widget_type=\"text-editor.default\">\n\t\t\t\t<div class=\"elementor-widget-container\">\n\t\t\t\t\t\t\t\t\t<p>Entrecot de vedella amb pebrot del piquillo caramel\u00b7litzat\u00a0 \/ Entrecot de ternera con pimiento del piquillo caramelizado 26,00 \u20ac<\/p><p>Filet de vedella amb escalopa de foie i xalotes glacejades\u00a0 \/ Solomillo de ternera con escalopa de foie y chalotas glaseadas 34,00 \u20ac<\/p><p>Mel\u00f3s de vedella amb bolets de temporada i parmentier de patata \/ Meloso de ternera con setas de temporada y parmentier de patata22,00 \u20ac<\/p><p>Peus de porc farcits de gambes \/ Pies de cerdo rellenos de gambas 20,00 \u20ac<\/p>\t\t\t\t\t\t\t\t<\/div>\n\t\t\t\t<\/div>\n\t\t\t\t\t<\/div>\n\t\t<\/div>\n\t\t\t\t\t<\/div>\n\t\t<\/section>\n\t\t\t\t<section class=\"elementor-section elementor-top-section elementor-element elementor-element-882f144 elementor-section-boxed elementor-section-height-default elementor-section-height-default\" data-id=\"882f144\" data-element_type=\"section\" data-e-type=\"section\">\n\t\t\t\t\t\t<div class=\"elementor-container elementor-column-gap-default\">\n\t\t\t\t\t<div class=\"elementor-column elementor-col-100 elementor-top-column elementor-element elementor-element-371a11b\" data-id=\"371a11b\" data-element_type=\"column\" data-e-type=\"column\">\n\t\t\t<div class=\"elementor-widget-wrap elementor-element-populated\">\n\t\t\t\t\t\t<div class=\"elementor-element elementor-element-0a053a8 elementor-widget-divider--view-line elementor-widget elementor-widget-divider\" data-id=\"0a053a8\" data-element_type=\"widget\" data-e-type=\"widget\" data-widget_type=\"divider.default\">\n\t\t\t\t<div class=\"elementor-widget-container\">\n\t\t\t\t\t\t\t<div class=\"elementor-divider\">\n\t\t\t<span class=\"elementor-divider-separator\">\n\t\t\t\t\t\t<\/span>\n\t\t<\/div>\n\t\t\t\t\t\t<\/div>\n\t\t\t\t<\/div>\n\t\t\t\t\t<\/div>\n\t\t<\/div>\n\t\t\t\t\t<\/div>\n\t\t<\/section>\n\t\t\t\t<section class=\"elementor-section elementor-top-section elementor-element elementor-element-4cd2351 elementor-section-boxed elementor-section-height-default elementor-section-height-default\" data-id=\"4cd2351\" data-element_type=\"section\" data-e-type=\"section\">\n\t\t\t\t\t\t<div class=\"elementor-container elementor-column-gap-default\">\n\t\t\t\t\t<div class=\"elementor-column elementor-col-50 elementor-top-column elementor-element elementor-element-4b21565\" data-id=\"4b21565\" data-element_type=\"column\" data-e-type=\"column\">\n\t\t\t<div class=\"elementor-widget-wrap elementor-element-populated\">\n\t\t\t\t\t\t<div class=\"elementor-element elementor-element-17297dc elementor-widget elementor-widget-heading\" data-id=\"17297dc\" data-element_type=\"widget\" data-e-type=\"widget\" data-widget_type=\"heading.default\">\n\t\t\t\t<div class=\"elementor-widget-container\">\n\t\t\t\t\t<h3 class=\"elementor-heading-title elementor-size-default\">ELS PEIXOS \/ LOS PESCADOS<\/h3>\t\t\t\t<\/div>\n\t\t\t\t<\/div>\n\t\t\t\t<div class=\"elementor-element elementor-element-87bf8c3 elementor-widget elementor-widget-text-editor\" data-id=\"87bf8c3\" data-element_type=\"widget\" data-e-type=\"widget\" data-widget_type=\"text-editor.default\">\n\t\t\t\t<div class=\"elementor-widget-container\">\n\t\t\t\t\t\t\t\t\t<p>Llom de bacall\u00e0 a la llauna \/ Lomo de bacalao a la &#8216;llauna&#8217; 25,00 \u20ac<\/p><p>Rap amb escabetx suau i les seves verduretes \/ Rape con escabeche suave y sus verduritas 25,00 \u20ac<\/p><p>Llobarro al forn amb patates panaderes i oli a la donostiarra \/ Lubina al horno con patatas panaderas y aceite a la donostiarra 25,00 \u20ac<\/p><p>Llagosta a la menorquina amb patates cruixents i ous ferrats \/ Langosta a la menorquina con patatas crujientes y huevos fritos 35,00 \u20ac<\/p>\t\t\t\t\t\t\t\t<\/div>\n\t\t\t\t<\/div>\n\t\t\t\t\t<\/div>\n\t\t<\/div>\n\t\t\t\t<div class=\"elementor-column elementor-col-50 elementor-top-column elementor-element elementor-element-9688540\" data-id=\"9688540\" data-element_type=\"column\" data-e-type=\"column\">\n\t\t\t<div class=\"elementor-widget-wrap elementor-element-populated\">\n\t\t\t\t\t\t<div class=\"elementor-element elementor-element-d0f9c48 elementor-widget elementor-widget-heading\" data-id=\"d0f9c48\" data-element_type=\"widget\" data-e-type=\"widget\" data-widget_type=\"heading.default\">\n\t\t\t\t<div class=\"elementor-widget-container\">\n\t\t\t\t\t<h3 class=\"elementor-heading-title elementor-size-default\">LES POSTRES \/ LOS POSTRES<\/h3>\t\t\t\t<\/div>\n\t\t\t\t<\/div>\n\t\t\t\t<div class=\"elementor-element elementor-element-3185c3b elementor-widget elementor-widget-text-editor\" data-id=\"3185c3b\" data-element_type=\"widget\" data-e-type=\"widget\" data-widget_type=\"text-editor.default\">\n\t\t\t\t<div class=\"elementor-widget-container\">\n\t\t\t\t\t\t\t\t\t<p>Sufl\u00e9 calent de xocolata amb gelat d&#8217;avellana (10 minuts) \/ Sufl\u00e9 caliente de chocolate con helado de avellana (10 minutos) 9,00 \u20ac<\/p><p>Past\u00eds Tatin de poma amb gelat de caramel salat (10 minuts) \/ Pastel Tatin de manzana con helado de caramelo salado (10 minutos) 9,00 \u20ac<\/p><p>Esfera de xocolata blanca, escuma de chessecake i fruits vermells \/ Esfera de chocolate blanco, espuma de chessecake y frutos rojos 9,00 \u20ac<\/p><p>Tiramis\u00fa de Baileys amb gelat de caf\u00e8&nbsp; \/ Tiramis\u00fa de Baileys con helado de caf\u00e9 8,00 \u20ac<\/p><p>Flam amb chantilly \/ Flan con nata 6,00 \u20ac<\/p><p>Past\u00eds de formatge crem\u00f3s amb fruits vermells i galeta&nbsp; Lotus \/ Pastel de queso cremoso con frutos rojos y galleta Lotus 8,00 \u20ac<\/p><p>Gelats artesans \/ Helados artesanos 8,00 \u20ac<\/p><p>Mel i mat\u00f3 amb nous garapinyades \/ Reques\u00f3n con miel y nueces garrapi\u00f1adas 6,00 \u20ac<\/p><p>Caf\u00e8 irland\u00e9s \/ Caf\u00e9 irland\u00e9s&nbsp; 8,00 \u20ac<\/p>\t\t\t\t\t\t\t\t<\/div>\n\t\t\t\t<\/div>\n\t\t\t\t\t<\/div>\n\t\t<\/div>\n\t\t\t\t\t<\/div>\n\t\t<\/section>\n\t\t\t\t<section class=\"elementor-section elementor-top-section elementor-element elementor-element-75c2493 elementor-section-boxed elementor-section-height-default elementor-section-height-default\" data-id=\"75c2493\" data-element_type=\"section\" data-e-type=\"section\">\n\t\t\t\t\t\t<div class=\"elementor-container elementor-column-gap-default\">\n\t\t\t\t\t<div class=\"elementor-column elementor-col-100 elementor-top-column elementor-element elementor-element-33c65df\" data-id=\"33c65df\" data-element_type=\"column\" data-e-type=\"column\">\n\t\t\t<div class=\"elementor-widget-wrap elementor-element-populated\">\n\t\t\t\t\t\t<div class=\"elementor-element elementor-element-4d924fd elementor-widget elementor-widget-text-editor\" data-id=\"4d924fd\" data-element_type=\"widget\" data-e-type=\"widget\" data-widget_type=\"text-editor.default\">\n\t\t\t\t<div class=\"elementor-widget-container\">\n\t\t\t\t\t\t\t\t\t<p>Aperitiu, pa i petits fours \/ Aperitivo, pan i petits fours: + 3,00\u20ac<\/p>\t\t\t\t\t\t\t\t<\/div>\n\t\t\t\t<\/div>\n\t\t\t\t\t<\/div>\n\t\t<\/div>\n\t\t\t\t\t<\/div>\n\t\t<\/section>\n\t\t\t\t<\/div>","protected":false},"excerpt":{"rendered":"<p>PER PICAR \/ PARA PICAR Pa de coca amb tom\u00e0quet \/ Pan de coca con tomate 3,50 \u20ac Croquetes de gambes o de pernil ib\u00e8ric (unitat) \/ Croquetas de gambas o de jam\u00f3n (unidad) 2,50 \u20ac Pernil ib\u00e8ric \/ Jam\u00f3n ib\u00e9rico 24,00 \u20ac Anxoves del Cant\u00e0bric (unitat) \/ Anchoas del Cant\u00e1brico (unidad) 3,00 \u20ac Zamburi\u00f1as [&hellip;]<\/p>\n","protected":false},"author":1,"featured_media":0,"parent":5319,"menu_order":3,"comment_status":"closed","ping_status":"closed","template":"elementor_header_footer","meta":{"footnotes":""},"class_list":["post-5347","page","type-page","status-publish","hentry"],"_links":{"self":[{"href":"https:\/\/suis.cat\/es\/wp-json\/wp\/v2\/pages\/5347","targetHints":{"allow":["GET"]}}],"collection":[{"href":"https:\/\/suis.cat\/es\/wp-json\/wp\/v2\/pages"}],"about":[{"href":"https:\/\/suis.cat\/es\/wp-json\/wp\/v2\/types\/page"}],"author":[{"embeddable":true,"href":"https:\/\/suis.cat\/es\/wp-json\/wp\/v2\/users\/1"}],"replies":[{"embeddable":true,"href":"https:\/\/suis.cat\/es\/wp-json\/wp\/v2\/comments?post=5347"}],"version-history":[{"count":239,"href":"https:\/\/suis.cat\/es\/wp-json\/wp\/v2\/pages\/5347\/revisions"}],"predecessor-version":[{"id":7773,"href":"https:\/\/suis.cat\/es\/wp-json\/wp\/v2\/pages\/5347\/revisions\/7773"}],"up":[{"embeddable":true,"href":"https:\/\/suis.cat\/es\/wp-json\/wp\/v2\/pages\/5319"}],"wp:attachment":[{"href":"https:\/\/suis.cat\/es\/wp-json\/wp\/v2\/media?parent=5347"}],"curies":[{"name":"wp","href":"https:\/\/api.w.org\/{rel}","templated":true}]}}