{"id":7551,"date":"2025-06-03T16:08:58","date_gmt":"2025-06-03T16:08:58","guid":{"rendered":"https:\/\/suis.cat\/?page_id=7551"},"modified":"2026-04-10T18:26:33","modified_gmt":"2026-04-10T18:26:33","slug":"menu-cap-de-setmana","status":"publish","type":"page","link":"https:\/\/suis.cat\/es\/carta\/menu-cap-de-setmana\/","title":{"rendered":"Menu cap de setmana"},"content":{"rendered":"<div data-elementor-type=\"wp-page\" data-elementor-id=\"7551\" class=\"elementor elementor-7551\" data-elementor-post-type=\"page\">\n\t\t\t\t\t\t<section class=\"elementor-section elementor-top-section elementor-element elementor-element-0729684 elementor-section-boxed elementor-section-height-default elementor-section-height-default\" data-id=\"0729684\" data-element_type=\"section\" data-e-type=\"section\">\n\t\t\t\t\t\t<div class=\"elementor-container elementor-column-gap-default\">\n\t\t\t\t\t<div class=\"elementor-column elementor-col-100 elementor-top-column elementor-element elementor-element-5abb60b\" data-id=\"5abb60b\" data-element_type=\"column\" data-e-type=\"column\">\n\t\t\t<div class=\"elementor-widget-wrap elementor-element-populated\">\n\t\t\t\t\t\t<div class=\"elementor-element elementor-element-0e2906e elementor-widget elementor-widget-heading\" data-id=\"0e2906e\" data-element_type=\"widget\" data-e-type=\"widget\" data-widget_type=\"heading.default\">\n\t\t\t\t<div class=\"elementor-widget-container\">\n\t\t\t\t\t<h3 class=\"elementor-heading-title elementor-size-default\">Men\u00fa Cap de Setmana \/ Men\u00fa Fin de Semana<\/h3>\t\t\t\t<\/div>\n\t\t\t\t<\/div>\n\t\t\t\t<div class=\"elementor-element elementor-element-0fc05f5 elementor-widget__width-initial elementor-widget elementor-widget-text-editor\" data-id=\"0fc05f5\" data-element_type=\"widget\" data-e-type=\"widget\" data-widget_type=\"text-editor.default\">\n\t\t\t\t<div class=\"elementor-widget-container\">\n\t\t\t\t\t\t\t\t\t<h5>PRIMERS A TRIAR \/ PRIMEROS A ESCOGER<\/h5>\n<p>Amanida de salm\u00f3 amb verdures agredolces \/ Ensalada de salm\u00f3n con verduras agridulces.<\/p>\n<p>Ous farcits d&#8217;alvocat i gambes \/ Huevos rellenos de aguacate y gambas<\/p>\n<p>Cr\u00eape d&#8217;esp\u00e0rrecs, xampinyons i pernil ib\u00e8ric&nbsp;<span style=\"font-size: 1rem;\">\/ Cr\u00eape de esp\u00e1rragos, champi\u00f1ones y jam\u00f3n ib\u00e9rico.<\/span><\/p>\n<h5><span style=\"color: inherit; font-family: inherit; font-size: 1.25rem;\">SEGONS A TRIAR \/ SEGUNDOS A ESCOGER<\/span><\/h5>\n<p>Blanqueta de cuixa de gall d&#8217;indi \/ Blanqueta de pierna de pavo.<\/p>\n<p>Entrecot amb salsa roquefort \/ Entrecot con salsa roquefort.<\/p>\n<p>Rajada a la meuni\u00e8re \/ Raya a la meuni\u00e8re.<\/p>\n<p><strong style=\"color: inherit; font-family: inherit; font-size: 1.25rem;\">POSTRES A TRIAR \/ POSTRES&nbsp;<\/strong><\/p>\n<p><span style=\"font-size: 1rem;\">Mojito de pinya amb panacota de coco \/ Mojito de pi\u00f1a con panacota de coco.<\/span><\/p>\n<p>Tiramis\u00fa de Baileys amb gelat de caf\u00e8 \/ Tiramis\u00fa de Baileys con helado de caf\u00e9.<\/p>\n<p><span style=\"font-size: 1rem;\">Irish coffee \/ Irish coffee.<\/span><\/p>\n<p>Gelats artesans \/ Helados artesanos.<\/p>\n<h4><strong>Preu\/Precio: 38,50 \u20ac (No inclou begudes \/ No incluye bebidas)salm\u00f3&nbsp;<\/strong><b>Amanida de formatge de cabra amb maduixes i fruits&nbsp;<\/b><\/h4>\t\t\t\t\t\t\t\t<\/div>\n\t\t\t\t<\/div>\n\t\t\t\t\t<\/div>\n\t\t<\/div>\n\t\t\t\t\t<\/div>\n\t\t<\/section>\n\t\t\t\t<section class=\"elementor-section elementor-top-section elementor-element elementor-element-73807af elementor-section-boxed elementor-section-height-default elementor-section-height-default\" data-id=\"73807af\" data-element_type=\"section\" data-e-type=\"section\">\n\t\t\t\t\t\t<div class=\"elementor-container elementor-column-gap-default\">\n\t\t\t\t\t<div class=\"elementor-column elementor-col-100 elementor-top-column elementor-element elementor-element-4cacba9\" data-id=\"4cacba9\" data-element_type=\"column\" data-e-type=\"column\">\n\t\t\t<div class=\"elementor-widget-wrap elementor-element-populated\">\n\t\t\t\t\t\t<div class=\"elementor-element elementor-element-a09b55c elementor-widget-divider--view-line elementor-widget elementor-widget-divider\" data-id=\"a09b55c\" data-element_type=\"widget\" data-e-type=\"widget\" data-widget_type=\"divider.default\">\n\t\t\t\t<div class=\"elementor-widget-container\">\n\t\t\t\t\t\t\t<div class=\"elementor-divider\">\n\t\t\t<span class=\"elementor-divider-separator\">\n\t\t\t\t\t\t<\/span>\n\t\t<\/div>\n\t\t\t\t\t\t<\/div>\n\t\t\t\t<\/div>\n\t\t\t\t\t<\/div>\n\t\t<\/div>\n\t\t\t\t\t<\/div>\n\t\t<\/section>\n\t\t\t\t<\/div>","protected":false},"excerpt":{"rendered":"<p>Men\u00fa Cap de Setmana \/ Men\u00fa Fin de Semana PRIMERS A TRIAR \/ PRIMEROS A ESCOGER Amanida de salm\u00f3 amb verdures agredolces \/ Ensalada de salm\u00f3n con verduras agridulces. Ous farcits d&#8217;alvocat i gambes \/ Huevos rellenos de aguacate y gambas Cr\u00eape d&#8217;esp\u00e0rrecs, xampinyons i pernil ib\u00e8ric&nbsp;\/ Cr\u00eape de esp\u00e1rragos, champi\u00f1ones y jam\u00f3n ib\u00e9rico. SEGONS [&hellip;]<\/p>\n","protected":false},"author":88,"featured_media":0,"parent":5319,"menu_order":1,"comment_status":"closed","ping_status":"closed","template":"elementor_header_footer","meta":{"footnotes":""},"class_list":["post-7551","page","type-page","status-publish","hentry"],"_links":{"self":[{"href":"https:\/\/suis.cat\/es\/wp-json\/wp\/v2\/pages\/7551","targetHints":{"allow":["GET"]}}],"collection":[{"href":"https:\/\/suis.cat\/es\/wp-json\/wp\/v2\/pages"}],"about":[{"href":"https:\/\/suis.cat\/es\/wp-json\/wp\/v2\/types\/page"}],"author":[{"embeddable":true,"href":"https:\/\/suis.cat\/es\/wp-json\/wp\/v2\/users\/88"}],"replies":[{"embeddable":true,"href":"https:\/\/suis.cat\/es\/wp-json\/wp\/v2\/comments?post=7551"}],"version-history":[{"count":130,"href":"https:\/\/suis.cat\/es\/wp-json\/wp\/v2\/pages\/7551\/revisions"}],"predecessor-version":[{"id":7971,"href":"https:\/\/suis.cat\/es\/wp-json\/wp\/v2\/pages\/7551\/revisions\/7971"}],"up":[{"embeddable":true,"href":"https:\/\/suis.cat\/es\/wp-json\/wp\/v2\/pages\/5319"}],"wp:attachment":[{"href":"https:\/\/suis.cat\/es\/wp-json\/wp\/v2\/media?parent=7551"}],"curies":[{"name":"wp","href":"https:\/\/api.w.org\/{rel}","templated":true}]}}